{"id":58,"date":"2023-05-08T15:19:22","date_gmt":"2023-05-08T15:19:22","guid":{"rendered":"https:\/\/parcheggiocivitavecchiaporto.it\/?page_id=58"},"modified":"2023-06-19T13:00:02","modified_gmt":"2023-06-19T11:00:02","slug":"parcheggio-videosorvegliato","status":"publish","type":"page","link":"https:\/\/parcheggiocivitavecchiaporto.it\/es\/parcheggio-videosorvegliato\/","title":{"rendered":"Aparcamiento videovigilado"},"content":{"rendered":"<div data-elementor-type=\"wp-page\" data-elementor-id=\"58\" class=\"elementor elementor-58\" data-elementor-post-type=\"page\">\n\t\t\t\t\t\t<section class=\"elementor-section elementor-top-section elementor-element elementor-element-69083e93 elementor-section-boxed elementor-section-height-default elementor-section-height-default\" data-id=\"69083e93\" data-element_type=\"section\">\n\t\t\t\t\t\t<div class=\"elementor-container elementor-column-gap-default\">\n\t\t\t\t\t<div class=\"elementor-column elementor-col-100 elementor-top-column elementor-element elementor-element-2673b6\" data-id=\"2673b6\" data-element_type=\"column\">\n\t\t\t<div class=\"elementor-widget-wrap elementor-element-populated\">\n\t\t\t\t\t\t<div class=\"elementor-element elementor-element-5b0ba9de elementor-widget elementor-widget-text-editor\" data-id=\"5b0ba9de\" data-element_type=\"widget\" data-widget_type=\"text-editor.default\">\n\t\t\t\t<div class=\"elementor-widget-container\">\n\t\t\t\t\t\t\t\t\t<p><\/p>\n<p>Nuestro aparcamiento est\u00e1 situado en el centro de Civitavecchia, a dos pasos de la estaci\u00f3n y del puerto de Civitavecchia.<br>Servicio de transporte gratuito en caso de estancia m\u00ednima de 1 semana, pago directo en el establecimiento.<\/p>\n<p><\/p>\n<p><\/p>\n<p><u><strong>SIN ANTICIPO, SE PAGA EN EL ESTABLECIMIENTO<\/strong><\/u><\/p>\n<p><\/p>\n<p><\/p>\n<h2 class=\"wp-block-heading\">M\u00e1xima seguridad para su coche<\/h2>\n<p><\/p>\n<p><\/p>\n<p>El aparcamiento est\u00e1 totalmente cubierto y bajo videovigilancia, por lo que su coche no tendr\u00e1 que preocuparse de ning\u00fan problema debido al tiempo o al mal tiempo.<\/p>\n<p><\/p>\t\t\t\t\t\t\t\t<\/div>\n\t\t\t\t<\/div>\n\t\t\t\t<div class=\"elementor-element elementor-element-fd4e755 elementor-align-center elementor-widget elementor-widget-button\" data-id=\"fd4e755\" data-element_type=\"widget\" data-widget_type=\"button.default\">\n\t\t\t\t<div class=\"elementor-widget-container\">\n\t\t\t\t\t\t\t\t\t<div class=\"elementor-button-wrapper\">\n\t\t\t\t\t<a class=\"elementor-button elementor-button-link elementor-size-md\" href=\"https:\/\/parcheggiocivitavecchiaporto.it\/es\">\n\t\t\t\t\t\t<span class=\"elementor-button-content-wrapper\">\n\t\t\t\t\t\t<span class=\"elementor-button-icon\">\n\t\t\t\t<i aria-hidden=\"true\" class=\"far fa-arrow-alt-circle-right\"><\/i>\t\t\t<\/span>\n\t\t\t\t\t\t\t\t\t<span class=\"elementor-button-text\">RESERVE APARCAMIENTO AHORA<\/span>\n\t\t\t\t\t<\/span>\n\t\t\t\t\t<\/a>\n\t\t\t\t<\/div>\n\t\t\t\t\t\t\t\t<\/div>\n\t\t\t\t<\/div>\n\t\t\t\t\t<\/div>\n\t\t<\/div>\n\t\t\t\t\t<\/div>\n\t\t<\/section>\n\t\t\t\t<section class=\"elementor-section elementor-top-section elementor-element elementor-element-3d7da62 elementor-section-boxed elementor-section-height-default elementor-section-height-default\" data-id=\"3d7da62\" data-element_type=\"section\">\n\t\t\t\t\t\t<div class=\"elementor-container elementor-column-gap-default\">\n\t\t\t\t\t<div class=\"elementor-column elementor-col-100 elementor-top-column elementor-element elementor-element-a793720\" data-id=\"a793720\" data-element_type=\"column\">\n\t\t\t<div class=\"elementor-widget-wrap elementor-element-populated\">\n\t\t\t\t\t\t<div class=\"elementor-element elementor-element-d3d6d08 gallery-spacing-custom elementor-widget elementor-widget-image-gallery\" data-id=\"d3d6d08\" data-element_type=\"widget\" data-widget_type=\"image-gallery.default\">\n\t\t\t\t<div class=\"elementor-widget-container\">\n\t\t\t\t\t\t\t<div class=\"elementor-image-gallery\">\n\t\t\t<div id='gallery-1' class='gallery galleryid-58 gallery-columns-3 gallery-size-cpbs_place_type'><figure class='gallery-item'>\n\t\t\t<div class='gallery-icon landscape'>\n\t\t\t\t<a data-elementor-open-lightbox=\"yes\" data-elementor-lightbox-slideshow=\"d3d6d08\" data-e-action-hash=\"#elementor-action%3Aaction%3Dlightbox%26settings%3DeyJpZCI6MTQ1LCJ1cmwiOiJodHRwczpcL1wvcGFyY2hlZ2dpb2Npdml0YXZlY2NoaWFwb3J0by5pdFwvd3AtY29udGVudFwvdXBsb2Fkc1wvMjAyM1wvMDVcL0lNR18xMTg4LTAyLTEwLTE3LTExLTQyLmpwZyIsInNsaWRlc2hvdyI6ImQzZDZkMDgifQ%3D%3D\" href='https:\/\/parcheggiocivitavecchiaporto.it\/wp-content\/uploads\/2023\/05\/IMG_1188-02-10-17-11-42.jpg'><img fetchpriority=\"high\" decoding=\"async\" width=\"408\" height=\"306\" src=\"https:\/\/parcheggiocivitavecchiaporto.it\/wp-content\/uploads\/2023\/05\/IMG_1188-02-10-17-11-42-408x306.jpg\" class=\"attachment-cpbs_place_type size-cpbs_place_type\" alt=\"\" srcset=\"https:\/\/parcheggiocivitavecchiaporto.it\/wp-content\/uploads\/2023\/05\/IMG_1188-02-10-17-11-42-408x306.jpg 408w, https:\/\/parcheggiocivitavecchiaporto.it\/wp-content\/uploads\/2023\/05\/IMG_1188-02-10-17-11-42-300x225.jpg 300w, https:\/\/parcheggiocivitavecchiaporto.it\/wp-content\/uploads\/2023\/05\/IMG_1188-02-10-17-11-42-768x576.jpg 768w, https:\/\/parcheggiocivitavecchiaporto.it\/wp-content\/uploads\/2023\/05\/IMG_1188-02-10-17-11-42.jpg 960w\" sizes=\"(max-width: 408px) 100vw, 408px\" \/><\/a>\n\t\t\t<\/div><\/figure><figure class='gallery-item'>\n\t\t\t<div class='gallery-icon landscape'>\n\t\t\t\t<a data-elementor-open-lightbox=\"yes\" data-elementor-lightbox-slideshow=\"d3d6d08\" data-e-action-hash=\"#elementor-action%3Aaction%3Dlightbox%26settings%3DeyJpZCI6MTQ2LCJ1cmwiOiJodHRwczpcL1wvcGFyY2hlZ2dpb2Npdml0YXZlY2NoaWFwb3J0by5pdFwvd3AtY29udGVudFwvdXBsb2Fkc1wvMjAyM1wvMDVcL0lNR18xMTg5LTAyLTEwLTE3LTExLTQyLmpwZyIsInNsaWRlc2hvdyI6ImQzZDZkMDgifQ%3D%3D\" href='https:\/\/parcheggiocivitavecchiaporto.it\/wp-content\/uploads\/2023\/05\/IMG_1189-02-10-17-11-42.jpg'><img decoding=\"async\" width=\"408\" height=\"306\" src=\"https:\/\/parcheggiocivitavecchiaporto.it\/wp-content\/uploads\/2023\/05\/IMG_1189-02-10-17-11-42-408x306.jpg\" class=\"attachment-cpbs_place_type size-cpbs_place_type\" alt=\"\" srcset=\"https:\/\/parcheggiocivitavecchiaporto.it\/wp-content\/uploads\/2023\/05\/IMG_1189-02-10-17-11-42-408x306.jpg 408w, https:\/\/parcheggiocivitavecchiaporto.it\/wp-content\/uploads\/2023\/05\/IMG_1189-02-10-17-11-42-300x225.jpg 300w, https:\/\/parcheggiocivitavecchiaporto.it\/wp-content\/uploads\/2023\/05\/IMG_1189-02-10-17-11-42-768x576.jpg 768w, https:\/\/parcheggiocivitavecchiaporto.it\/wp-content\/uploads\/2023\/05\/IMG_1189-02-10-17-11-42.jpg 960w\" sizes=\"(max-width: 408px) 100vw, 408px\" \/><\/a>\n\t\t\t<\/div><\/figure><figure class='gallery-item'>\n\t\t\t<div class='gallery-icon landscape'>\n\t\t\t\t<a data-elementor-open-lightbox=\"yes\" data-elementor-lightbox-slideshow=\"d3d6d08\" data-e-action-hash=\"#elementor-action%3Aaction%3Dlightbox%26settings%3DeyJpZCI6MTQ3LCJ1cmwiOiJodHRwczpcL1wvcGFyY2hlZ2dpb2Npdml0YXZlY2NoaWFwb3J0by5pdFwvd3AtY29udGVudFwvdXBsb2Fkc1wvMjAyM1wvMDVcL0lNR18xMTkwLTAyLTEwLTE3LTExLTQyLmpwZyIsInNsaWRlc2hvdyI6ImQzZDZkMDgifQ%3D%3D\" href='https:\/\/parcheggiocivitavecchiaporto.it\/wp-content\/uploads\/2023\/05\/IMG_1190-02-10-17-11-42.jpg'><img decoding=\"async\" width=\"408\" height=\"306\" src=\"https:\/\/parcheggiocivitavecchiaporto.it\/wp-content\/uploads\/2023\/05\/IMG_1190-02-10-17-11-42-408x306.jpg\" class=\"attachment-cpbs_place_type size-cpbs_place_type\" alt=\"\" srcset=\"https:\/\/parcheggiocivitavecchiaporto.it\/wp-content\/uploads\/2023\/05\/IMG_1190-02-10-17-11-42-408x306.jpg 408w, https:\/\/parcheggiocivitavecchiaporto.it\/wp-content\/uploads\/2023\/05\/IMG_1190-02-10-17-11-42-300x225.jpg 300w, https:\/\/parcheggiocivitavecchiaporto.it\/wp-content\/uploads\/2023\/05\/IMG_1190-02-10-17-11-42-768x576.jpg 768w, https:\/\/parcheggiocivitavecchiaporto.it\/wp-content\/uploads\/2023\/05\/IMG_1190-02-10-17-11-42.jpg 960w\" sizes=\"(max-width: 408px) 100vw, 408px\" \/><\/a>\n\t\t\t<\/div><\/figure><figure class='gallery-item'>\n\t\t\t<div class='gallery-icon landscape'>\n\t\t\t\t<a data-elementor-open-lightbox=\"yes\" data-elementor-lightbox-slideshow=\"d3d6d08\" data-e-action-hash=\"#elementor-action%3Aaction%3Dlightbox%26settings%3DeyJpZCI6MTQ4LCJ1cmwiOiJodHRwczpcL1wvcGFyY2hlZ2dpb2Npdml0YXZlY2NoaWFwb3J0by5pdFwvd3AtY29udGVudFwvdXBsb2Fkc1wvMjAyM1wvMDVcL0lNR18xMTkxLTAyLTEwLTE3LTExLTQyLmpwZyIsInNsaWRlc2hvdyI6ImQzZDZkMDgifQ%3D%3D\" href='https:\/\/parcheggiocivitavecchiaporto.it\/wp-content\/uploads\/2023\/05\/IMG_1191-02-10-17-11-42.jpg'><img loading=\"lazy\" decoding=\"async\" width=\"408\" height=\"306\" src=\"https:\/\/parcheggiocivitavecchiaporto.it\/wp-content\/uploads\/2023\/05\/IMG_1191-02-10-17-11-42-408x306.jpg\" class=\"attachment-cpbs_place_type size-cpbs_place_type\" alt=\"\" srcset=\"https:\/\/parcheggiocivitavecchiaporto.it\/wp-content\/uploads\/2023\/05\/IMG_1191-02-10-17-11-42-408x306.jpg 408w, https:\/\/parcheggiocivitavecchiaporto.it\/wp-content\/uploads\/2023\/05\/IMG_1191-02-10-17-11-42-300x225.jpg 300w, https:\/\/parcheggiocivitavecchiaporto.it\/wp-content\/uploads\/2023\/05\/IMG_1191-02-10-17-11-42-768x576.jpg 768w, https:\/\/parcheggiocivitavecchiaporto.it\/wp-content\/uploads\/2023\/05\/IMG_1191-02-10-17-11-42.jpg 960w\" sizes=\"(max-width: 408px) 100vw, 408px\" \/><\/a>\n\t\t\t<\/div><\/figure><figure class='gallery-item'>\n\t\t\t<div class='gallery-icon landscape'>\n\t\t\t\t<a data-elementor-open-lightbox=\"yes\" data-elementor-lightbox-slideshow=\"d3d6d08\" data-e-action-hash=\"#elementor-action%3Aaction%3Dlightbox%26settings%3DeyJpZCI6MTQ5LCJ1cmwiOiJodHRwczpcL1wvcGFyY2hlZ2dpb2Npdml0YXZlY2NoaWFwb3J0by5pdFwvd3AtY29udGVudFwvdXBsb2Fkc1wvMjAyM1wvMDVcL0lNR18xMTkyLTAyLTEwLTE3LTExLTQyLmpwZyIsInNsaWRlc2hvdyI6ImQzZDZkMDgifQ%3D%3D\" href='https:\/\/parcheggiocivitavecchiaporto.it\/wp-content\/uploads\/2023\/05\/IMG_1192-02-10-17-11-42.jpg'><img loading=\"lazy\" decoding=\"async\" width=\"408\" height=\"306\" src=\"https:\/\/parcheggiocivitavecchiaporto.it\/wp-content\/uploads\/2023\/05\/IMG_1192-02-10-17-11-42-408x306.jpg\" class=\"attachment-cpbs_place_type size-cpbs_place_type\" alt=\"\" srcset=\"https:\/\/parcheggiocivitavecchiaporto.it\/wp-content\/uploads\/2023\/05\/IMG_1192-02-10-17-11-42-408x306.jpg 408w, https:\/\/parcheggiocivitavecchiaporto.it\/wp-content\/uploads\/2023\/05\/IMG_1192-02-10-17-11-42-300x225.jpg 300w, https:\/\/parcheggiocivitavecchiaporto.it\/wp-content\/uploads\/2023\/05\/IMG_1192-02-10-17-11-42-768x576.jpg 768w, https:\/\/parcheggiocivitavecchiaporto.it\/wp-content\/uploads\/2023\/05\/IMG_1192-02-10-17-11-42.jpg 960w\" sizes=\"(max-width: 408px) 100vw, 408px\" \/><\/a>\n\t\t\t<\/div><\/figure><figure class='gallery-item'>\n\t\t\t<div class='gallery-icon landscape'>\n\t\t\t\t<a data-elementor-open-lightbox=\"yes\" data-elementor-lightbox-slideshow=\"d3d6d08\" data-e-action-hash=\"#elementor-action%3Aaction%3Dlightbox%26settings%3DeyJpZCI6MTUwLCJ1cmwiOiJodHRwczpcL1wvcGFyY2hlZ2dpb2Npdml0YXZlY2NoaWFwb3J0by5pdFwvd3AtY29udGVudFwvdXBsb2Fkc1wvMjAyM1wvMDVcL0lNR18xMTkzLTAyLTEwLTE3LTExLTQyLmpwZyIsInNsaWRlc2hvdyI6ImQzZDZkMDgifQ%3D%3D\" href='https:\/\/parcheggiocivitavecchiaporto.it\/wp-content\/uploads\/2023\/05\/IMG_1193-02-10-17-11-42.jpg'><img loading=\"lazy\" decoding=\"async\" width=\"408\" height=\"306\" src=\"https:\/\/parcheggiocivitavecchiaporto.it\/wp-content\/uploads\/2023\/05\/IMG_1193-02-10-17-11-42-408x306.jpg\" class=\"attachment-cpbs_place_type size-cpbs_place_type\" alt=\"\" srcset=\"https:\/\/parcheggiocivitavecchiaporto.it\/wp-content\/uploads\/2023\/05\/IMG_1193-02-10-17-11-42-408x306.jpg 408w, https:\/\/parcheggiocivitavecchiaporto.it\/wp-content\/uploads\/2023\/05\/IMG_1193-02-10-17-11-42-300x225.jpg 300w, https:\/\/parcheggiocivitavecchiaporto.it\/wp-content\/uploads\/2023\/05\/IMG_1193-02-10-17-11-42-768x576.jpg 768w, https:\/\/parcheggiocivitavecchiaporto.it\/wp-content\/uploads\/2023\/05\/IMG_1193-02-10-17-11-42.jpg 960w\" sizes=\"(max-width: 408px) 100vw, 408px\" \/><\/a>\n\t\t\t<\/div><\/figure><figure class='gallery-item'>\n\t\t\t<div class='gallery-icon landscape'>\n\t\t\t\t<a data-elementor-open-lightbox=\"yes\" data-elementor-lightbox-slideshow=\"d3d6d08\" data-e-action-hash=\"#elementor-action%3Aaction%3Dlightbox%26settings%3DeyJpZCI6MTUxLCJ1cmwiOiJodHRwczpcL1wvcGFyY2hlZ2dpb2Npdml0YXZlY2NoaWFwb3J0by5pdFwvd3AtY29udGVudFwvdXBsb2Fkc1wvMjAyM1wvMDVcL0lNR18xMTk2LTAyLTEwLTE3LTExLTQyLmpwZyIsInNsaWRlc2hvdyI6ImQzZDZkMDgifQ%3D%3D\" href='https:\/\/parcheggiocivitavecchiaporto.it\/wp-content\/uploads\/2023\/05\/IMG_1196-02-10-17-11-42.jpg'><img loading=\"lazy\" decoding=\"async\" width=\"408\" height=\"306\" src=\"https:\/\/parcheggiocivitavecchiaporto.it\/wp-content\/uploads\/2023\/05\/IMG_1196-02-10-17-11-42-408x306.jpg\" class=\"attachment-cpbs_place_type size-cpbs_place_type\" alt=\"\" srcset=\"https:\/\/parcheggiocivitavecchiaporto.it\/wp-content\/uploads\/2023\/05\/IMG_1196-02-10-17-11-42-408x306.jpg 408w, https:\/\/parcheggiocivitavecchiaporto.it\/wp-content\/uploads\/2023\/05\/IMG_1196-02-10-17-11-42-300x225.jpg 300w, https:\/\/parcheggiocivitavecchiaporto.it\/wp-content\/uploads\/2023\/05\/IMG_1196-02-10-17-11-42-768x576.jpg 768w, https:\/\/parcheggiocivitavecchiaporto.it\/wp-content\/uploads\/2023\/05\/IMG_1196-02-10-17-11-42.jpg 960w\" sizes=\"(max-width: 408px) 100vw, 408px\" \/><\/a>\n\t\t\t<\/div><\/figure><figure class='gallery-item'>\n\t\t\t<div class='gallery-icon landscape'>\n\t\t\t\t<a data-elementor-open-lightbox=\"yes\" data-elementor-lightbox-slideshow=\"d3d6d08\" data-e-action-hash=\"#elementor-action%3Aaction%3Dlightbox%26settings%3DeyJpZCI6MTUyLCJ1cmwiOiJodHRwczpcL1wvcGFyY2hlZ2dpb2Npdml0YXZlY2NoaWFwb3J0by5pdFwvd3AtY29udGVudFwvdXBsb2Fkc1wvMjAyM1wvMDVcL0lNR18xMTk3LTAyLTEwLTE3LTExLTQyLmpwZyIsInNsaWRlc2hvdyI6ImQzZDZkMDgifQ%3D%3D\" href='https:\/\/parcheggiocivitavecchiaporto.it\/wp-content\/uploads\/2023\/05\/IMG_1197-02-10-17-11-42.jpg'><img loading=\"lazy\" decoding=\"async\" width=\"408\" height=\"306\" src=\"https:\/\/parcheggiocivitavecchiaporto.it\/wp-content\/uploads\/2023\/05\/IMG_1197-02-10-17-11-42-408x306.jpg\" class=\"attachment-cpbs_place_type size-cpbs_place_type\" alt=\"\" srcset=\"https:\/\/parcheggiocivitavecchiaporto.it\/wp-content\/uploads\/2023\/05\/IMG_1197-02-10-17-11-42-408x306.jpg 408w, https:\/\/parcheggiocivitavecchiaporto.it\/wp-content\/uploads\/2023\/05\/IMG_1197-02-10-17-11-42-300x225.jpg 300w, https:\/\/parcheggiocivitavecchiaporto.it\/wp-content\/uploads\/2023\/05\/IMG_1197-02-10-17-11-42-768x576.jpg 768w, https:\/\/parcheggiocivitavecchiaporto.it\/wp-content\/uploads\/2023\/05\/IMG_1197-02-10-17-11-42.jpg 960w\" sizes=\"(max-width: 408px) 100vw, 408px\" \/><\/a>\n\t\t\t<\/div><\/figure><figure class='gallery-item'>\n\t\t\t<div class='gallery-icon landscape'>\n\t\t\t\t<a data-elementor-open-lightbox=\"yes\" data-elementor-lightbox-slideshow=\"d3d6d08\" data-e-action-hash=\"#elementor-action%3Aaction%3Dlightbox%26settings%3DeyJpZCI6MTUzLCJ1cmwiOiJodHRwczpcL1wvcGFyY2hlZ2dpb2Npdml0YXZlY2NoaWFwb3J0by5pdFwvd3AtY29udGVudFwvdXBsb2Fkc1wvMjAyM1wvMDVcL0lNR18xMTk4LTAyLTEwLTE3LTExLTQyLmpwZyIsInNsaWRlc2hvdyI6ImQzZDZkMDgifQ%3D%3D\" href='https:\/\/parcheggiocivitavecchiaporto.it\/wp-content\/uploads\/2023\/05\/IMG_1198-02-10-17-11-42.jpg'><img loading=\"lazy\" decoding=\"async\" width=\"408\" height=\"306\" src=\"https:\/\/parcheggiocivitavecchiaporto.it\/wp-content\/uploads\/2023\/05\/IMG_1198-02-10-17-11-42-408x306.jpg\" class=\"attachment-cpbs_place_type size-cpbs_place_type\" alt=\"\" srcset=\"https:\/\/parcheggiocivitavecchiaporto.it\/wp-content\/uploads\/2023\/05\/IMG_1198-02-10-17-11-42-408x306.jpg 408w, https:\/\/parcheggiocivitavecchiaporto.it\/wp-content\/uploads\/2023\/05\/IMG_1198-02-10-17-11-42-300x225.jpg 300w, https:\/\/parcheggiocivitavecchiaporto.it\/wp-content\/uploads\/2023\/05\/IMG_1198-02-10-17-11-42-768x576.jpg 768w, https:\/\/parcheggiocivitavecchiaporto.it\/wp-content\/uploads\/2023\/05\/IMG_1198-02-10-17-11-42.jpg 960w\" sizes=\"(max-width: 408px) 100vw, 408px\" \/><\/a>\n\t\t\t<\/div><\/figure>\n\t\t<\/div>\n\t\t<\/div>\n\t\t\t\t\t\t<\/div>\n\t\t\t\t<\/div>\n\t\t\t\t\t<\/div>\n\t\t<\/div>\n\t\t\t\t\t<\/div>\n\t\t<\/section>\n\t\t\t\t<\/div>","protected":false},"excerpt":{"rendered":"<p>Il nostro parcheggio \u00e8 situato al centro di Civitavecchia, a due passi dalla stazione e dal porto di Civitavecchia.Servizio navetta gratuito in caso di sosta minima 1 settimana, pagamento direttamente in struttura. NESSUN ANTICIPO, SI PAGA ALLA STRUTTURA Massima sicurezza per la vostra auto Il parcheggio \u00e8 completamente coperto e videosorvegliato, la vostra auto non [&hellip;]<\/p>","protected":false},"author":1,"featured_media":0,"parent":0,"menu_order":0,"comment_status":"closed","ping_status":"closed","template":"","meta":{"_mi_skip_tracking":false,"footnotes":""},"class_list":["post-58","page","type-page","status-publish","hentry"],"yoast_head":"<!-- This site is optimized with the Yoast SEO Premium plugin v20.7 (Yoast SEO v20.7) - https:\/\/yoast.com\/wordpress\/plugins\/seo\/ -->\n<title>Parcheggio Videosorvegliato - Parcheggio Civitavecchia Porto e Stazione<\/title>\n<meta name=\"robots\" content=\"index, follow, max-snippet:-1, max-image-preview:large, max-video-preview:-1\" \/>\n<link rel=\"canonical\" href=\"https:\/\/parcheggiocivitavecchiaporto.it\/es\/parcheggio-videosorvegliato\/\" \/>\n<meta property=\"og:locale\" content=\"es_ES\" \/>\n<meta property=\"og:type\" content=\"article\" \/>\n<meta property=\"og:title\" content=\"Parcheggio Videosorvegliato\" \/>\n<meta property=\"og:description\" content=\"Il nostro parcheggio \u00e8 situato al centro di Civitavecchia, a due passi dalla stazione e dal porto di Civitavecchia.Servizio navetta gratuito in caso di sosta minima 1 settimana, pagamento direttamente in struttura. NESSUN ANTICIPO, SI PAGA ALLA STRUTTURA Massima sicurezza per la vostra auto Il parcheggio \u00e8 completamente coperto e videosorvegliato, la vostra auto non [&hellip;]\" \/>\n<meta property=\"og:url\" content=\"https:\/\/parcheggiocivitavecchiaporto.it\/es\/parcheggio-videosorvegliato\/\" \/>\n<meta property=\"og:site_name\" content=\"Parcheggio Civitavecchia Porto e Stazione\" \/>\n<meta property=\"article:modified_time\" content=\"2023-06-19T11:00:02+00:00\" \/>\n<meta property=\"og:image\" content=\"https:\/\/parcheggiocivitavecchiaporto.it\/wp-content\/uploads\/2023\/05\/IMG_1188-02-10-17-11-42-408x306.jpg\" \/>\n<meta name=\"twitter:card\" content=\"summary_large_image\" \/>\n<meta name=\"twitter:label1\" content=\"Tiempo de lectura\" \/>\n\t<meta name=\"twitter:data1\" content=\"3 minutos\" \/>\n<script type=\"application\/ld+json\" class=\"yoast-schema-graph\">{\"@context\":\"https:\/\/schema.org\",\"@graph\":[{\"@type\":\"WebPage\",\"@id\":\"https:\/\/parcheggiocivitavecchiaporto.it\/parcheggio-videosorvegliato\/\",\"url\":\"https:\/\/parcheggiocivitavecchiaporto.it\/parcheggio-videosorvegliato\/\",\"name\":\"Parcheggio Videosorvegliato - Parcheggio Civitavecchia Porto e Stazione\",\"isPartOf\":{\"@id\":\"https:\/\/parcheggiocivitavecchiaporto.it\/#website\"},\"datePublished\":\"2023-05-08T15:19:22+00:00\",\"dateModified\":\"2023-06-19T11:00:02+00:00\",\"breadcrumb\":{\"@id\":\"https:\/\/parcheggiocivitavecchiaporto.it\/parcheggio-videosorvegliato\/#breadcrumb\"},\"inLanguage\":\"es\",\"potentialAction\":[{\"@type\":\"ReadAction\",\"target\":[\"https:\/\/parcheggiocivitavecchiaporto.it\/parcheggio-videosorvegliato\/\"]}]},{\"@type\":\"BreadcrumbList\",\"@id\":\"https:\/\/parcheggiocivitavecchiaporto.it\/parcheggio-videosorvegliato\/#breadcrumb\",\"itemListElement\":[{\"@type\":\"ListItem\",\"position\":1,\"name\":\"Home\",\"item\":\"https:\/\/parcheggiocivitavecchiaporto.it\/\"},{\"@type\":\"ListItem\",\"position\":2,\"name\":\"Parcheggio Videosorvegliato\"}]},{\"@type\":\"WebSite\",\"@id\":\"https:\/\/parcheggiocivitavecchiaporto.it\/#website\",\"url\":\"https:\/\/parcheggiocivitavecchiaporto.it\/\",\"name\":\"Parcheggio Civitavecchia Porto\",\"description\":\"Prenota il miglior Parcheggio a Civitavecchia Porto e Stazione. Parcheggio al chiuso videosorvegliato con servizio navetta gratis.\",\"publisher\":{\"@id\":\"https:\/\/parcheggiocivitavecchiaporto.it\/#organization\"},\"potentialAction\":[{\"@type\":\"SearchAction\",\"target\":{\"@type\":\"EntryPoint\",\"urlTemplate\":\"https:\/\/parcheggiocivitavecchiaporto.it\/?s={search_term_string}\"},\"query-input\":\"required name=search_term_string\"}],\"inLanguage\":\"es\"},{\"@type\":\"Organization\",\"@id\":\"https:\/\/parcheggiocivitavecchiaporto.it\/#organization\",\"name\":\"Parcheggio Civitavecchia Porto\",\"url\":\"https:\/\/parcheggiocivitavecchiaporto.it\/\",\"logo\":{\"@type\":\"ImageObject\",\"inLanguage\":\"es\",\"@id\":\"https:\/\/parcheggiocivitavecchiaporto.it\/#\/schema\/logo\/image\/\",\"url\":\"https:\/\/parcheggiocivitavecchiaporto.it\/wp-content\/uploads\/2023\/05\/logo-parcheggio-civitavecchia-porto.png\",\"contentUrl\":\"https:\/\/parcheggiocivitavecchiaporto.it\/wp-content\/uploads\/2023\/05\/logo-parcheggio-civitavecchia-porto.png\",\"width\":363,\"height\":377,\"caption\":\"Parcheggio Civitavecchia Porto\"},\"image\":{\"@id\":\"https:\/\/parcheggiocivitavecchiaporto.it\/#\/schema\/logo\/image\/\"}}]}<\/script>\n<!-- \/ Yoast SEO Premium plugin. -->","yoast_head_json":{"title":"Parcheggio Videosorvegliato - Parcheggio Civitavecchia Porto e Stazione","robots":{"index":"index","follow":"follow","max-snippet":"max-snippet:-1","max-image-preview":"max-image-preview:large","max-video-preview":"max-video-preview:-1"},"canonical":"https:\/\/parcheggiocivitavecchiaporto.it\/es\/parcheggio-videosorvegliato\/","og_locale":"es_ES","og_type":"article","og_title":"Parcheggio Videosorvegliato","og_description":"Il nostro parcheggio \u00e8 situato al centro di Civitavecchia, a due passi dalla stazione e dal porto di Civitavecchia.Servizio navetta gratuito in caso di sosta minima 1 settimana, pagamento direttamente in struttura. NESSUN ANTICIPO, SI PAGA ALLA STRUTTURA Massima sicurezza per la vostra auto Il parcheggio \u00e8 completamente coperto e videosorvegliato, la vostra auto non [&hellip;]","og_url":"https:\/\/parcheggiocivitavecchiaporto.it\/es\/parcheggio-videosorvegliato\/","og_site_name":"Parcheggio Civitavecchia Porto e Stazione","article_modified_time":"2023-06-19T11:00:02+00:00","og_image":[{"url":"https:\/\/parcheggiocivitavecchiaporto.it\/wp-content\/uploads\/2023\/05\/IMG_1188-02-10-17-11-42-408x306.jpg"}],"twitter_card":"summary_large_image","twitter_misc":{"Tiempo de lectura":"3 minutos"},"schema":{"@context":"https:\/\/schema.org","@graph":[{"@type":"WebPage","@id":"https:\/\/parcheggiocivitavecchiaporto.it\/parcheggio-videosorvegliato\/","url":"https:\/\/parcheggiocivitavecchiaporto.it\/parcheggio-videosorvegliato\/","name":"Parcheggio Videosorvegliato - Parcheggio Civitavecchia Porto e Stazione","isPartOf":{"@id":"https:\/\/parcheggiocivitavecchiaporto.it\/#website"},"datePublished":"2023-05-08T15:19:22+00:00","dateModified":"2023-06-19T11:00:02+00:00","breadcrumb":{"@id":"https:\/\/parcheggiocivitavecchiaporto.it\/parcheggio-videosorvegliato\/#breadcrumb"},"inLanguage":"es","potentialAction":[{"@type":"ReadAction","target":["https:\/\/parcheggiocivitavecchiaporto.it\/parcheggio-videosorvegliato\/"]}]},{"@type":"BreadcrumbList","@id":"https:\/\/parcheggiocivitavecchiaporto.it\/parcheggio-videosorvegliato\/#breadcrumb","itemListElement":[{"@type":"ListItem","position":1,"name":"Home","item":"https:\/\/parcheggiocivitavecchiaporto.it\/"},{"@type":"ListItem","position":2,"name":"Parcheggio Videosorvegliato"}]},{"@type":"WebSite","@id":"https:\/\/parcheggiocivitavecchiaporto.it\/#website","url":"https:\/\/parcheggiocivitavecchiaporto.it\/","name":"Parcheggio Civitavecchia Porto","description":"Prenota il miglior Parcheggio a Civitavecchia Porto e Stazione. Parcheggio al chiuso videosorvegliato con servizio navetta gratis.","publisher":{"@id":"https:\/\/parcheggiocivitavecchiaporto.it\/#organization"},"potentialAction":[{"@type":"SearchAction","target":{"@type":"EntryPoint","urlTemplate":"https:\/\/parcheggiocivitavecchiaporto.it\/?s={search_term_string}"},"query-input":"required name=search_term_string"}],"inLanguage":"es"},{"@type":"Organization","@id":"https:\/\/parcheggiocivitavecchiaporto.it\/#organization","name":"Parcheggio Civitavecchia Porto","url":"https:\/\/parcheggiocivitavecchiaporto.it\/","logo":{"@type":"ImageObject","inLanguage":"es","@id":"https:\/\/parcheggiocivitavecchiaporto.it\/#\/schema\/logo\/image\/","url":"https:\/\/parcheggiocivitavecchiaporto.it\/wp-content\/uploads\/2023\/05\/logo-parcheggio-civitavecchia-porto.png","contentUrl":"https:\/\/parcheggiocivitavecchiaporto.it\/wp-content\/uploads\/2023\/05\/logo-parcheggio-civitavecchia-porto.png","width":363,"height":377,"caption":"Parcheggio Civitavecchia Porto"},"image":{"@id":"https:\/\/parcheggiocivitavecchiaporto.it\/#\/schema\/logo\/image\/"}}]}},"_links":{"self":[{"href":"https:\/\/parcheggiocivitavecchiaporto.it\/es\/wp-json\/wp\/v2\/pages\/58","targetHints":{"allow":["GET"]}}],"collection":[{"href":"https:\/\/parcheggiocivitavecchiaporto.it\/es\/wp-json\/wp\/v2\/pages"}],"about":[{"href":"https:\/\/parcheggiocivitavecchiaporto.it\/es\/wp-json\/wp\/v2\/types\/page"}],"author":[{"embeddable":true,"href":"https:\/\/parcheggiocivitavecchiaporto.it\/es\/wp-json\/wp\/v2\/users\/1"}],"replies":[{"embeddable":true,"href":"https:\/\/parcheggiocivitavecchiaporto.it\/es\/wp-json\/wp\/v2\/comments?post=58"}],"version-history":[{"count":13,"href":"https:\/\/parcheggiocivitavecchiaporto.it\/es\/wp-json\/wp\/v2\/pages\/58\/revisions"}],"predecessor-version":[{"id":395,"href":"https:\/\/parcheggiocivitavecchiaporto.it\/es\/wp-json\/wp\/v2\/pages\/58\/revisions\/395"}],"wp:attachment":[{"href":"https:\/\/parcheggiocivitavecchiaporto.it\/es\/wp-json\/wp\/v2\/media?parent=58"}],"curies":[{"name":"wp","href":"https:\/\/api.w.org\/{rel}","templated":true}]}}